{"id":41,"date":"2024-05-12T17:14:28","date_gmt":"2024-05-12T15:14:28","guid":{"rendered":"https:\/\/kurssite.jmg.gu.se\/euvalet24\/?page_id=41"},"modified":"2024-05-17T08:23:04","modified_gmt":"2024-05-17T06:23:04","slug":"om-kursen","status":"publish","type":"page","link":"https:\/\/kurssite.jmg.gu.se\/euvalet24\/om-kursen\/","title":{"rendered":"Om kursen"},"content":{"rendered":"\n<h3 class=\"wp-block-heading\">Program<\/h3>\n\n\n\n<figure class=\"wp-block-image size-large\"><img loading=\"lazy\" decoding=\"async\" width=\"1024\" height=\"692\" src=\"https:\/\/kurssite.jmg.gu.se\/euvalet24\/wp-content\/uploads\/sites\/15\/2024\/05\/Skarmavbild-2024-05-12-kl.-17.17.00-1024x692.png\" alt=\"\" class=\"wp-image-48\" srcset=\"https:\/\/kurssite.jmg.gu.se\/euvalet24\/wp-content\/uploads\/sites\/15\/2024\/05\/Skarmavbild-2024-05-12-kl.-17.17.00-1024x692.png 1024w, https:\/\/kurssite.jmg.gu.se\/euvalet24\/wp-content\/uploads\/sites\/15\/2024\/05\/Skarmavbild-2024-05-12-kl.-17.17.00-300x203.png 300w, https:\/\/kurssite.jmg.gu.se\/euvalet24\/wp-content\/uploads\/sites\/15\/2024\/05\/Skarmavbild-2024-05-12-kl.-17.17.00-768x519.png 768w, https:\/\/kurssite.jmg.gu.se\/euvalet24\/wp-content\/uploads\/sites\/15\/2024\/05\/Skarmavbild-2024-05-12-kl.-17.17.00-1536x1037.png 1536w, https:\/\/kurssite.jmg.gu.se\/euvalet24\/wp-content\/uploads\/sites\/15\/2024\/05\/Skarmavbild-2024-05-12-kl.-17.17.00.png 1916w\" sizes=\"auto, (max-width: 1024px) 100vw, 1024px\" \/><\/figure>\n\n\n\n<div style=\"height:40px\" aria-hidden=\"true\" class=\"wp-block-spacer\"><\/div>\n\n\n\n<p>\u00c5rets 2024 upplaga av journalistkursen p\u00e5 Hanaholmen har EU-valet och unga som tema. Kursen anordnas av kulturcentret f\u00f6r Sverige och Finland den 13-17 maj i Esbo, Finland.<\/p>\n\n\n\n<p>Kursen inneh\u00e5ller expertf\u00f6rel\u00e4sningar, diskussioner och workshopar d\u00e4r journaliststuderande arbetar i blandade grupper under ledning av erfarna journalister och skapar aktuellt material som publiceras p\u00e5 kursens hemsida. \u00c4ven studiebes\u00f6k och kulturprogram ing\u00e5r i programmet.<\/p>\n\n\n\n<p>Journalistkursen \u00e4r em del av&nbsp;<a href=\"https:\/\/www.hanaholmen.fi\/sv\/kulturcentrum-2\/hanaholmen\/fonderna\/kulturfonden-sverige-och-finland\/\">Kulturfonden f\u00f6r Sverige och Finlands<\/a>&nbsp;mediesatsning, som genomf\u00f6rs i samarbete med journalistutbildningarna vid&nbsp;<a href=\"https:\/\/www.helsinki.fi\/fi\/svenska-social-och-kommunalhogskolan\">Helsingfors universitet (Soc&amp;kom)<\/a>,&nbsp;<a href=\"https:\/\/www.tuni.fi\/en\/about-us\/faculty-information-technology-and-communication-sciences\">Tammerfors universitet (ITC)<\/a>&nbsp;och&nbsp;<a href=\"http:\/\/jmg.gu.se\/\">G\u00f6teborgs universitet (JMG)<\/a>.<\/p>\n\n\n\n<p>Se \u00e4ven kurssidorna f\u00f6r de tidigare journalistkurserna om <a href=\"https:\/\/kurssite.goteborgnu.se\/energi\/\">Energijournalistik<\/a> (2023),&nbsp;<a href=\"https:\/\/kurssite.goteborgnu.se\/hanaholmen\/\">\u00d6stersj\u00f6n och milj\u00f6journalistik<\/a>&nbsp;(2022) samt&nbsp;<a href=\"https:\/\/utrikes.jmg.gu.se\/\">Ryssland och faktagranskning<\/a>&nbsp;(2018).<\/p>\n\n\n\n<div style=\"height:30px\" aria-hidden=\"true\" class=\"wp-block-spacer\"><\/div>\n\n\n\n<div class=\"wp-block-columns is-layout-flex wp-container-core-columns-is-layout-9d6595d7 wp-block-columns-is-layout-flex\">\n<div class=\"wp-block-column is-layout-flow wp-block-column-is-layout-flow\">\n<figure class=\"wp-block-image size-full\"><img loading=\"lazy\" decoding=\"async\" width=\"591\" height=\"336\" src=\"https:\/\/kurssite.jmg.gu.se\/euvalet24\/wp-content\/uploads\/sites\/15\/2024\/05\/8ee59948-12af-48fe-aac5-65b3cc3fb14c.jpg\" alt=\"\" class=\"wp-image-585\" srcset=\"https:\/\/kurssite.jmg.gu.se\/euvalet24\/wp-content\/uploads\/sites\/15\/2024\/05\/8ee59948-12af-48fe-aac5-65b3cc3fb14c.jpg 591w, https:\/\/kurssite.jmg.gu.se\/euvalet24\/wp-content\/uploads\/sites\/15\/2024\/05\/8ee59948-12af-48fe-aac5-65b3cc3fb14c-300x171.jpg 300w\" sizes=\"auto, (max-width: 591px) 100vw, 591px\" \/><\/figure>\n<\/div>\n\n\n\n<div class=\"wp-block-column is-layout-flow wp-block-column-is-layout-flow\">\n<figure class=\"wp-block-image size-full\"><img loading=\"lazy\" decoding=\"async\" width=\"442\" height=\"160\" src=\"https:\/\/kurssite.jmg.gu.se\/euvalet24\/wp-content\/uploads\/sites\/15\/2024\/05\/Skarmavbild-2024-05-17-kl.-09.20.23.png\" alt=\"\" class=\"wp-image-588\" srcset=\"https:\/\/kurssite.jmg.gu.se\/euvalet24\/wp-content\/uploads\/sites\/15\/2024\/05\/Skarmavbild-2024-05-17-kl.-09.20.23.png 442w, https:\/\/kurssite.jmg.gu.se\/euvalet24\/wp-content\/uploads\/sites\/15\/2024\/05\/Skarmavbild-2024-05-17-kl.-09.20.23-300x109.png 300w\" sizes=\"auto, (max-width: 442px) 100vw, 442px\" \/><\/figure>\n<\/div>\n<\/div>\n\n\n\n<h2 class=\"wp-block-heading\">Mer information<\/h2>\n\n\n\n<p>F\u00f6r mer detaljerad information om kursen, g\u00e5 till <a href=\"https:\/\/kurssite.jmg.gu.se\/euvalet24\/internsida\/\">internsidan<\/a> (l\u00f6senord kr\u00e4vs).<\/p>\n","protected":false},"excerpt":{"rendered":"<p>Program \u00c5rets 2024 upplaga av journalistkursen p\u00e5 Hanaholmen har EU-valet och unga som tema. Kursen anordnas av kulturcentret f\u00f6r Sverige och Finland den 13-17 maj i Esbo, Finland. Kursen inneh\u00e5ller expertf\u00f6rel\u00e4sningar, diskussioner och workshopar d\u00e4r journaliststuderande arbetar i blandade grupper under ledning av erfarna journalister och skapar aktuellt material som publiceras p\u00e5 kursens hemsida. \u00c4ven &#8230; <a title=\"Om kursen\" class=\"read-more\" href=\"https:\/\/kurssite.jmg.gu.se\/euvalet24\/om-kursen\/\" aria-label=\"L\u00e4s mer om Om kursen\">L\u00e4s mer<\/a><\/p>\n","protected":false},"author":96,"featured_media":0,"parent":0,"menu_order":0,"comment_status":"closed","ping_status":"closed","template":"","meta":{"footnotes":""},"class_list":["post-41","page","type-page","status-publish"],"_links":{"self":[{"href":"https:\/\/kurssite.jmg.gu.se\/euvalet24\/wp-json\/wp\/v2\/pages\/41","targetHints":{"allow":["GET"]}}],"collection":[{"href":"https:\/\/kurssite.jmg.gu.se\/euvalet24\/wp-json\/wp\/v2\/pages"}],"about":[{"href":"https:\/\/kurssite.jmg.gu.se\/euvalet24\/wp-json\/wp\/v2\/types\/page"}],"author":[{"embeddable":true,"href":"https:\/\/kurssite.jmg.gu.se\/euvalet24\/wp-json\/wp\/v2\/users\/96"}],"replies":[{"embeddable":true,"href":"https:\/\/kurssite.jmg.gu.se\/euvalet24\/wp-json\/wp\/v2\/comments?post=41"}],"version-history":[{"count":9,"href":"https:\/\/kurssite.jmg.gu.se\/euvalet24\/wp-json\/wp\/v2\/pages\/41\/revisions"}],"predecessor-version":[{"id":589,"href":"https:\/\/kurssite.jmg.gu.se\/euvalet24\/wp-json\/wp\/v2\/pages\/41\/revisions\/589"}],"wp:attachment":[{"href":"https:\/\/kurssite.jmg.gu.se\/euvalet24\/wp-json\/wp\/v2\/media?parent=41"}],"curies":[{"name":"wp","href":"https:\/\/api.w.org\/{rel}","templated":true}]}}