{"id":43,"date":"2024-05-12T17:14:45","date_gmt":"2024-05-12T15:14:45","guid":{"rendered":"https:\/\/kurssite.jmg.gu.se\/euvalet24\/?page_id=43"},"modified":"2024-05-14T15:06:16","modified_gmt":"2024-05-14T13:06:16","slug":"litteratur","status":"publish","type":"page","link":"https:\/\/kurssite.jmg.gu.se\/euvalet24\/litteratur\/","title":{"rendered":"Litteratur"},"content":{"rendered":"\n<h3 class=\"wp-block-heading\">Rapporter<\/h3>\n\n\n\n<p>Abdelzadeh, A., &amp; Lundberg, E. (2022). <em><a href=\"https:\/\/www.diva-portal.org\/smash\/get\/diva2:1653690\/FULLTEXT01.pdf\">Ungas r\u00f6st: En studie om ungdomars valdeltagande 2018 och deras egna tankar om att delta i val.<\/a><\/em> Myndigheten f\u00f6r ungdoms- och civilsamh\u00e4llesfr\u00e5gor (MUCF).<\/p>\n\n\n\n<p>Europaparlamentet (2019). <a href=\"https:\/\/www.europarl.europa.eu\/news\/sv\/press-room\/20190923IPR61602\/eu-valet-2019-unga-bakom-rekordhogt-valdeltagande\"><em>U-valet 2019: unga bakom rekordh\u00f6gt valdeltagande<\/em>.<\/a> Pressmeddelande till Eurobarometern.<\/p>\n\n\n\n<p>Nord, L., Grusell, M., Bolin, N., &amp; Falasca, K. (red.) <a href=\"https:\/\/www.diva-portal.org\/smash\/get\/diva2:1280865\/FULLTEXT01.pdf\"><em>Snabbt\u00e4nkt: Reflektioner fr\u00e5n valet 2018 av ledande forskare<\/em><\/a>. Demicom, Mittuniversitetet.<\/p>\n\n\n\n<p>SOM-institutet (2024). <a href=\"https:\/\/www.gu.se\/sites\/default\/files\/2024-05\/Svensk%20EU-opinion%201992-2023.pdf\">Svensk EU-opinion 1992\u20132023<\/a>. SOM-institutet, G\u00f6teborgs universitet.<\/p>\n\n\n\n<p><\/p>\n\n\n\n<h3 class=\"wp-block-heading\">Akademisk litteratur<\/h3>\n\n\n\n<p>Abramson, P. R., &amp; Inglehart, R. (1987). <a href=\"https:\/\/www.journals.uchicago.edu\/doi\/abs\/10.2307\/2131142?casa_token=CcjN9c9coKcAAAAA:pk2TAhuvfpoykooQVrg3bUgrncl8pToICQe3jk5jEXTYpjsc3o3rb_mkF4Ns_p1AHo-2rHVWhcl-\">Generational replacement and the future of post-materialist values<\/a>. <em>The Journal of Politics<\/em>, 49(1), 231\u2013241.<\/p>\n\n\n\n<p>Buchheim, V., &amp; Hedlund, J. (2010). <em><a href=\"https:\/\/www.diva-portal.org\/smash\/get\/diva2:344624\/FULLTEXT01.pdf\">Unga v\u00e4ljare och engagemang: Vad motiverar f\u00f6rstag\u00e5ngsv\u00e4ljare till att r\u00f6sta?<\/a><\/em> Kandidatuppsats. Stockholms universitet.<\/p>\n\n\n\n<p>Coe, A. B., Wiklund, M., Uttjek, M., &amp; Nygren, L. (2016). <a href=\"https:\/\/www.tandfonline.com\/doi\/full\/10.1080\/13676261.2016.1166191?casa_token=_wBEVElvk0kAAAAA%3AUWHx_luO4F5Roj-4CEYV2s2jGwMamGzehHvNrxdmc1KYTd-tgyeL3otL_BG1kVqPBEYOXfuhkSlecA\">Youth politics as multiple processes: How teenagers construct political action in Sweden<\/a>.&nbsp;<em>Journal of Youth Studies<\/em>,&nbsp;<em>19<\/em>(10), 1321\u20131337.<\/p>\n\n\n\n<p>Dalton, R. J. (2016). <em><a href=\"https:\/\/books.google.fi\/books?hl=fi&amp;lr=&amp;id=enmHCgAAQBAJ&amp;oi=fnd&amp;pg=PP1&amp;dq=dalton+citizenship+theory&amp;ots=n3tOCn2M5F&amp;sig=w3RCeuUkQhBS7t45vwP-AhpXDFk&amp;redir_esc=y#v=onepage&amp;q=dalton%20citizenship%20theory&amp;f=false\">The good citizen: How a younger generation is reshaping American politics<\/a><\/em>. 2nd ed. Sage.<\/p>\n\n\n\n<p>Ekman, J. (2013). <a href=\"https:\/\/www.diva-portal.org\/smash\/get\/diva2:623527\/FULLTEXT02.pdf\">Schools, democratic socialization and political participation: Political activity and passivity among Swedish youths<\/a>. <em>Nordidactica: Journal of Humanities and Social Science Education<\/em>, 1\u201311.<\/p>\n\n\n\n<p>Grasso, M., &amp; Smith, K. (2022). <a href=\"https:\/\/journals.sagepub.com\/doi\/full\/10.1177\/02633957211028813\">Gender inequalities in political participation and political engagement among young people in Europe: Are young women less politically engaged than young men?<\/a> <em>Politics<\/em>, 42(1), 39\u201357. <\/p>\n\n\n\n<p>Helim\u00e4ki, &amp; Wass, H. (2024). <a href=\"https:\/\/www.taylorfrancis.com\/chapters\/oa-edit\/10.4324\/9781003452287-6\/foiled-every-turn-understanding-turnout-finland-theodora-helim\u00e4ki-hanna-wass?context=ubx&amp;refId=ce49e3be-4c21-4615-9556-0b4aea07cb75\">Foiled at every turn? understanding turnout in Finland.<\/a> In: von Schoultz, \u00c5., &amp; Strandberg, K. (Eds.) <em>Political behaviour in contemporary Finland: Studies of voting and campaigning in a candidate-oriented political system<\/em>. Routledge, 58\u201373.<\/p>\n\n\n\n<p>Huttunen, J., &amp; Aalbrecht, E. (2021). <a href=\"https:\/\/www.researchgate.net\/profile\/Janette-Huttunen\/publication\/352778744_The_framing_of_environmental_citizenship_and_youth_participation_in_the_Fridays_for_Future_Movement_in_Finland\/links\/61079bb7169a1a0103cf890b\/The-framing-of-environmental-citizenship-and-youth-participation-in-the-Fridays-for-Future-Movement-in-Finland.pdf?_sg%5B0%5D=started_experiment_milestone&amp;origin=journalDetail\">The framing of environmental citizenship and youth participation in the Fridays for Future Movement in Finland<\/a>. <em>Fennia,<\/em> 199(1), 46\u201360.<\/p>\n\n\n\n<p>Huttunen, J., &amp; Saikkonen, I. (2023). <a href=\"https:\/\/www.tandfonline.com\/doi\/pdf\/10.1080\/00344893.2023.2242386\">Are the young undemocratic? Evidence from a conjoint experiment. <\/a><em>Representation<\/em>, 59(4), 707\u2013723.<\/p>\n\n\n\n<p>Huttunen, J., &amp; Christensen, H. S. (2024). <a href=\"https:\/\/www.taylorfrancis.com\/chapters\/oa-edit\/10.4324\/9781003452287-7\/act-age-generational-differences-political-participation-finland-2007\u20132019-janette-huttunen-henrik-serup-christensen?context=ubx&amp;refId=4e72e06e-2f4b-4a86-aedf-ec0097909ddd\">Act your age! Generational differences in political participation in Finland 2007\u20132019<\/a>. In: von Schoultz, \u00c5., &amp; Strandberg, K. (Eds.) <em>Political behaviour in contemporary Finland: Studies of voting and campaigning in a candidate-oriented political system<\/em>. Routledge, 74\u201388.<\/p>\n\n\n\n<p>M\u00e5rtensson, H. (2020). <em><a href=\"https:\/\/www.diva-portal.org\/smash\/get\/diva2:1394836\/FULLTEXT02.pdf\">Elever, politik och val\u00e5r: En kvalitativ intervjustudie av vad som p\u00e5verkar elevers politiska intresse<\/a><\/em>. Kandidatuppsats. J\u00f6nk\u00f6pings universitet.<\/p>\n\n\n\n<p>Nisbett, G. S., &amp; DeWalt, C. C. (2016). <a href=\"https:\/\/www.tandfonline.com\/doi\/full\/10.1080\/15456870.2016.1184664\">Exploring the influence of celebrities in politics: A focus group study of young voters<\/a>.&nbsp;<em>Atlantic Journal of Communication<\/em>,&nbsp;<em>24<\/em>(3), 144\u2013156.<\/p>\n\n\n\n<p>Sloam, J. (2016). <a href=\"https:\/\/journals.sagepub.com\/doi\/full\/10.1177\/1369148116647176?casa_token=teAI4h0rBN8AAAAA%3A9DmEKH9MT-DuvL7HRFWAW6wktn54-IMzDuq1pVF8kW_n7tPrQ7Z5XN74QyfAEmNjfi4PYxXaF7p_mg\">Diversity and voice: The political participation of young people in the European Union<\/a>. <em>The British Journal of Politics and International Relations<\/em>, 18(3), 521\u2013537. <\/p>\n\n\n\n<p>Stolwijk, S. B., &amp; Schuck, A. R. (2019). <a href=\"https:\/\/doi.org\/10.1177\/1465116519837351\">More interest in interest: Does poll coverage help or hurt efforts to make more young voters show up at the ballot box?<\/a><em> European Union Politics<\/em>, 20(3), 341\u2013360. <\/p>\n\n\n\n<p>Sveningsson, M. (2016). <a href=\"https:\/\/journals.sagepub.com\/doi\/abs\/10.1177\/1103308815603305\">\u2018I wouldn\u2019t have what it takes\u2019: Young Swedes\u2019 understandings of political participation<\/a>. <em>Young<\/em>, 24(2), 139\u2013156.<\/p>\n\n\n\n<p>Weiss, J. (2020). <a href=\"https:\/\/www.frontiersin.org\/articles\/10.3389\/fpos.2020.00001\/full\">What is youth political participation? Literature review on youth political participation and political attitudes<\/a>. <em>Frontiers in Political Science<\/em>, 2. <\/p>\n\n\n\n<p>Wunderlich, L., H\u00f6lig, S., &amp; Hasebrink, U. (2022). <a href=\"https:\/\/doi.org\/10.1177\/19401612211072547\">Does journalism still matter? The role of journalistic and non-journalistic sources in young peoples&#8217; news related practices<\/a>. <em>The International Journal of Press\/Politics<\/em>, 27(3), 569\u2013588. <\/p>\n\n\n\n<p>\u00d6hrvall, R. (2018). <a href=\"https:\/\/www.diva-portal.org\/smash\/get\/diva2:1238886\/FULLTEXT01.pdf\"><em>Growing into Voting: Election Turnout among Young People and Habit Formation<\/em>.<\/a> Doctoral dissertation. University of Link\u00f6ping.<\/p>\n\n\n\n<p><\/p>\n\n\n\n<h3 class=\"wp-block-heading\">\u00d6vriga resurser<\/h3>\n\n\n\n<p><a href=\"https:\/\/nuorisoala.fi\/sv\/pa-svenska\/\">Allianssi<\/a> \u2013 Ungdomssektorns takorganisation Allians, Finland<\/p>\n\n\n\n<p><a href=\"https:\/\/finland.representation.ec.europa.eu\/edustusto_sv\">EU-komissionens representation i Finland<\/a><\/p>\n\n\n\n<p><a href=\"https:\/\/youth.europa.eu\/home_en\">European Youth Portal<\/a>, Europeiska unionen<\/p>\n\n\n\n<p><a href=\"https:\/\/euvsdisinfo.eu\">EU vs. DisInfo<\/a>, faktagranskningssajt<\/p>\n\n\n\n<p><a href=\"https:\/\/iate.europa.eu\/home\">IATE (Interactive Terminology for Europe)<\/a>, termbank<\/p>\n\n\n\n<p><a href=\"https:\/\/www.sitra.fi\/sv\/projekt\/en-oppen-valkompassplattform\/\">Sitra: En \u00f6ppen valkompassplattform<\/a>, Finland<\/p>\n\n\n\n<p><a href=\"https:\/\/agenda.fi\/publikation\/unga-och-valet-av-nyhetsamnen\/\">Tankesmedjan Agenda: Unga och valet av nyhets\u00e4mnen<\/a>, Finland<\/p>\n\n\n\n<p><a href=\"https:\/\/www.ungdomsbarometern.se\"><em>Ungdomsbarometern<\/em><\/a>, Sverige<\/p>\n","protected":false},"excerpt":{"rendered":"<p>Rapporter Abdelzadeh, A., &amp; Lundberg, E. (2022). Ungas r\u00f6st: En studie om ungdomars valdeltagande 2018 och deras egna tankar om att delta i val. Myndigheten f\u00f6r ungdoms- och civilsamh\u00e4llesfr\u00e5gor (MUCF). Europaparlamentet (2019). U-valet 2019: unga bakom rekordh\u00f6gt valdeltagande. Pressmeddelande till Eurobarometern. Nord, L., Grusell, M., Bolin, N., &amp; Falasca, K. (red.) Snabbt\u00e4nkt: Reflektioner fr\u00e5n valet &#8230; <a title=\"Litteratur\" class=\"read-more\" href=\"https:\/\/kurssite.jmg.gu.se\/euvalet24\/litteratur\/\" aria-label=\"L\u00e4s mer om Litteratur\">L\u00e4s mer<\/a><\/p>\n","protected":false},"author":96,"featured_media":0,"parent":0,"menu_order":0,"comment_status":"closed","ping_status":"closed","template":"","meta":{"footnotes":""},"class_list":["post-43","page","type-page","status-publish"],"_links":{"self":[{"href":"https:\/\/kurssite.jmg.gu.se\/euvalet24\/wp-json\/wp\/v2\/pages\/43","targetHints":{"allow":["GET"]}}],"collection":[{"href":"https:\/\/kurssite.jmg.gu.se\/euvalet24\/wp-json\/wp\/v2\/pages"}],"about":[{"href":"https:\/\/kurssite.jmg.gu.se\/euvalet24\/wp-json\/wp\/v2\/types\/page"}],"author":[{"embeddable":true,"href":"https:\/\/kurssite.jmg.gu.se\/euvalet24\/wp-json\/wp\/v2\/users\/96"}],"replies":[{"embeddable":true,"href":"https:\/\/kurssite.jmg.gu.se\/euvalet24\/wp-json\/wp\/v2\/comments?post=43"}],"version-history":[{"count":31,"href":"https:\/\/kurssite.jmg.gu.se\/euvalet24\/wp-json\/wp\/v2\/pages\/43\/revisions"}],"predecessor-version":[{"id":292,"href":"https:\/\/kurssite.jmg.gu.se\/euvalet24\/wp-json\/wp\/v2\/pages\/43\/revisions\/292"}],"wp:attachment":[{"href":"https:\/\/kurssite.jmg.gu.se\/euvalet24\/wp-json\/wp\/v2\/media?parent=43"}],"curies":[{"name":"wp","href":"https:\/\/api.w.org\/{rel}","templated":true}]}}