{"id":5,"date":"2024-03-12T11:01:21","date_gmt":"2024-03-12T10:01:21","guid":{"rendered":"https:\/\/kurssite.jmg.gu.se\/euvalet24\/?page_id=5"},"modified":"2024-05-17T11:00:09","modified_gmt":"2024-05-17T09:00:09","slug":"startsida","status":"publish","type":"page","link":"https:\/\/kurssite.jmg.gu.se\/euvalet24\/","title":{"rendered":"Startsida"},"content":{"rendered":"\n<h2 class=\"wp-block-heading\">V\u00e4lkommen!<\/h2>\n\n\n\n<p><\/p>\n\n\n\n<figure class=\"wp-block-gallery has-nested-images columns-default is-cropped wp-block-gallery-1 is-layout-flex wp-block-gallery-is-layout-flex\">\n<figure class=\"wp-block-image size-large is-style-default\"><img loading=\"lazy\" decoding=\"async\" width=\"768\" height=\"1024\" data-id=\"238\" src=\"https:\/\/kurssite.jmg.gu.se\/euvalet24\/wp-content\/uploads\/sites\/15\/2024\/05\/IMG_6160-768x1024.jpeg\" alt=\"\" class=\"wp-image-238\" srcset=\"https:\/\/kurssite.jmg.gu.se\/euvalet24\/wp-content\/uploads\/sites\/15\/2024\/05\/IMG_6160-768x1024.jpeg 768w, https:\/\/kurssite.jmg.gu.se\/euvalet24\/wp-content\/uploads\/sites\/15\/2024\/05\/IMG_6160-225x300.jpeg 225w, https:\/\/kurssite.jmg.gu.se\/euvalet24\/wp-content\/uploads\/sites\/15\/2024\/05\/IMG_6160-1152x1536.jpeg 1152w, https:\/\/kurssite.jmg.gu.se\/euvalet24\/wp-content\/uploads\/sites\/15\/2024\/05\/IMG_6160-1536x2048.jpeg 1536w, https:\/\/kurssite.jmg.gu.se\/euvalet24\/wp-content\/uploads\/sites\/15\/2024\/05\/IMG_6160-scaled.jpeg 1920w\" sizes=\"auto, (max-width: 768px) 100vw, 768px\" \/><\/figure>\n\n\n\n<figure class=\"wp-block-image size-large\"><img loading=\"lazy\" decoding=\"async\" width=\"1024\" height=\"461\" data-id=\"163\" src=\"https:\/\/kurssite.jmg.gu.se\/euvalet24\/wp-content\/uploads\/sites\/15\/2024\/05\/1715594610305-1024x461.jpg\" alt=\"\" class=\"wp-image-163\" srcset=\"https:\/\/kurssite.jmg.gu.se\/euvalet24\/wp-content\/uploads\/sites\/15\/2024\/05\/1715594610305-1024x461.jpg 1024w, https:\/\/kurssite.jmg.gu.se\/euvalet24\/wp-content\/uploads\/sites\/15\/2024\/05\/1715594610305-300x135.jpg 300w, https:\/\/kurssite.jmg.gu.se\/euvalet24\/wp-content\/uploads\/sites\/15\/2024\/05\/1715594610305-768x346.jpg 768w, https:\/\/kurssite.jmg.gu.se\/euvalet24\/wp-content\/uploads\/sites\/15\/2024\/05\/1715594610305-1536x691.jpg 1536w, https:\/\/kurssite.jmg.gu.se\/euvalet24\/wp-content\/uploads\/sites\/15\/2024\/05\/1715594610305.jpg 2000w\" sizes=\"auto, (max-width: 1024px) 100vw, 1024px\" \/><\/figure>\n\n\n\n<figure class=\"wp-block-image size-large\"><img loading=\"lazy\" decoding=\"async\" width=\"480\" height=\"640\" data-id=\"156\" src=\"https:\/\/kurssite.jmg.gu.se\/euvalet24\/wp-content\/uploads\/sites\/15\/2024\/05\/IMG_7432-1.jpg\" alt=\"\" class=\"wp-image-156\" srcset=\"https:\/\/kurssite.jmg.gu.se\/euvalet24\/wp-content\/uploads\/sites\/15\/2024\/05\/IMG_7432-1.jpg 480w, https:\/\/kurssite.jmg.gu.se\/euvalet24\/wp-content\/uploads\/sites\/15\/2024\/05\/IMG_7432-1-225x300.jpg 225w\" sizes=\"auto, (max-width: 480px) 100vw, 480px\" \/><\/figure>\n\n\n\n<figure class=\"wp-block-image size-large\"><img loading=\"lazy\" decoding=\"async\" width=\"1024\" height=\"782\" data-id=\"152\" src=\"https:\/\/kurssite.jmg.gu.se\/euvalet24\/wp-content\/uploads\/sites\/15\/2024\/05\/Ska\u0308rmavbild-2024-05-13-kl.-11.33.54-1-1-1024x782.png\" alt=\"\" class=\"wp-image-152\" srcset=\"https:\/\/kurssite.jmg.gu.se\/euvalet24\/wp-content\/uploads\/sites\/15\/2024\/05\/Ska\u0308rmavbild-2024-05-13-kl.-11.33.54-1-1-1024x782.png 1024w, https:\/\/kurssite.jmg.gu.se\/euvalet24\/wp-content\/uploads\/sites\/15\/2024\/05\/Ska\u0308rmavbild-2024-05-13-kl.-11.33.54-1-1-300x229.png 300w, https:\/\/kurssite.jmg.gu.se\/euvalet24\/wp-content\/uploads\/sites\/15\/2024\/05\/Ska\u0308rmavbild-2024-05-13-kl.-11.33.54-1-1-768x586.png 768w, https:\/\/kurssite.jmg.gu.se\/euvalet24\/wp-content\/uploads\/sites\/15\/2024\/05\/Ska\u0308rmavbild-2024-05-13-kl.-11.33.54-1-1-1536x1172.png 1536w, https:\/\/kurssite.jmg.gu.se\/euvalet24\/wp-content\/uploads\/sites\/15\/2024\/05\/Ska\u0308rmavbild-2024-05-13-kl.-11.33.54-1-1.png 1905w\" sizes=\"auto, (max-width: 1024px) 100vw, 1024px\" \/><\/figure>\n\n\n\n<figure class=\"wp-block-image size-large\"><img loading=\"lazy\" decoding=\"async\" width=\"640\" height=\"481\" data-id=\"143\" src=\"https:\/\/kurssite.jmg.gu.se\/euvalet24\/wp-content\/uploads\/sites\/15\/2024\/05\/thumbnail_IMG_1018-1.jpg\" alt=\"\" class=\"wp-image-143\" srcset=\"https:\/\/kurssite.jmg.gu.se\/euvalet24\/wp-content\/uploads\/sites\/15\/2024\/05\/thumbnail_IMG_1018-1.jpg 640w, https:\/\/kurssite.jmg.gu.se\/euvalet24\/wp-content\/uploads\/sites\/15\/2024\/05\/thumbnail_IMG_1018-1-300x225.jpg 300w\" sizes=\"auto, (max-width: 640px) 100vw, 640px\" \/><\/figure>\n\n\n\n<figure class=\"wp-block-image size-large\"><img loading=\"lazy\" decoding=\"async\" width=\"1024\" height=\"768\" data-id=\"138\" src=\"https:\/\/kurssite.jmg.gu.se\/euvalet24\/wp-content\/uploads\/sites\/15\/2024\/05\/image.png\" alt=\"\" class=\"wp-image-138\" srcset=\"https:\/\/kurssite.jmg.gu.se\/euvalet24\/wp-content\/uploads\/sites\/15\/2024\/05\/image.png 1024w, https:\/\/kurssite.jmg.gu.se\/euvalet24\/wp-content\/uploads\/sites\/15\/2024\/05\/image-300x225.png 300w, https:\/\/kurssite.jmg.gu.se\/euvalet24\/wp-content\/uploads\/sites\/15\/2024\/05\/image-768x576.png 768w\" sizes=\"auto, (max-width: 1024px) 100vw, 1024px\" \/><\/figure>\n\n\n\n<figure class=\"wp-block-image size-large\"><img loading=\"lazy\" decoding=\"async\" width=\"320\" height=\"240\" data-id=\"137\" src=\"https:\/\/kurssite.jmg.gu.se\/euvalet24\/wp-content\/uploads\/sites\/15\/2024\/05\/IMG_4108.jpg\" alt=\"\" class=\"wp-image-137\"\/><\/figure>\n\n\n\n<figure class=\"wp-block-image size-large\"><img loading=\"lazy\" decoding=\"async\" width=\"1024\" height=\"768\" data-id=\"129\" src=\"https:\/\/kurssite.jmg.gu.se\/euvalet24\/wp-content\/uploads\/sites\/15\/2024\/05\/Maria-2-1024x768.jpg\" alt=\"\" class=\"wp-image-129\" srcset=\"https:\/\/kurssite.jmg.gu.se\/euvalet24\/wp-content\/uploads\/sites\/15\/2024\/05\/Maria-2-1024x768.jpg 1024w, https:\/\/kurssite.jmg.gu.se\/euvalet24\/wp-content\/uploads\/sites\/15\/2024\/05\/Maria-2-300x225.jpg 300w, https:\/\/kurssite.jmg.gu.se\/euvalet24\/wp-content\/uploads\/sites\/15\/2024\/05\/Maria-2-768x576.jpg 768w, https:\/\/kurssite.jmg.gu.se\/euvalet24\/wp-content\/uploads\/sites\/15\/2024\/05\/Maria-2-1536x1152.jpg 1536w, https:\/\/kurssite.jmg.gu.se\/euvalet24\/wp-content\/uploads\/sites\/15\/2024\/05\/Maria-2-2048x1536.jpg 2048w\" sizes=\"auto, (max-width: 1024px) 100vw, 1024px\" \/><\/figure>\n\n\n\n<figure class=\"wp-block-image size-large\"><img loading=\"lazy\" decoding=\"async\" width=\"756\" height=\"876\" data-id=\"130\" src=\"https:\/\/kurssite.jmg.gu.se\/euvalet24\/wp-content\/uploads\/sites\/15\/2024\/05\/Ska\u0308rmavbild-2024-05-13-kl.-11.14.07.png\" alt=\"\" class=\"wp-image-130\" srcset=\"https:\/\/kurssite.jmg.gu.se\/euvalet24\/wp-content\/uploads\/sites\/15\/2024\/05\/Ska\u0308rmavbild-2024-05-13-kl.-11.14.07.png 756w, https:\/\/kurssite.jmg.gu.se\/euvalet24\/wp-content\/uploads\/sites\/15\/2024\/05\/Ska\u0308rmavbild-2024-05-13-kl.-11.14.07-259x300.png 259w\" sizes=\"auto, (max-width: 756px) 100vw, 756px\" \/><\/figure>\n\n\n\n<figure class=\"wp-block-image size-large\"><img loading=\"lazy\" decoding=\"async\" width=\"320\" height=\"240\" data-id=\"135\" src=\"https:\/\/kurssite.jmg.gu.se\/euvalet24\/wp-content\/uploads\/sites\/15\/2024\/05\/IMG_5019.jpeg\" alt=\"\" class=\"wp-image-135\" srcset=\"https:\/\/kurssite.jmg.gu.se\/euvalet24\/wp-content\/uploads\/sites\/15\/2024\/05\/IMG_5019.jpeg 320w, https:\/\/kurssite.jmg.gu.se\/euvalet24\/wp-content\/uploads\/sites\/15\/2024\/05\/IMG_5019-300x225.jpeg 300w\" sizes=\"auto, (max-width: 320px) 100vw, 320px\" \/><\/figure>\n\n\n\n<figure class=\"wp-block-image size-large\"><img loading=\"lazy\" decoding=\"async\" width=\"900\" height=\"900\" data-id=\"119\" src=\"https:\/\/kurssite.jmg.gu.se\/euvalet24\/wp-content\/uploads\/sites\/15\/2024\/05\/IMG_1337.png\" alt=\"Sofia-Jocelyn Roempke.\" class=\"wp-image-119\" srcset=\"https:\/\/kurssite.jmg.gu.se\/euvalet24\/wp-content\/uploads\/sites\/15\/2024\/05\/IMG_1337.png 900w, https:\/\/kurssite.jmg.gu.se\/euvalet24\/wp-content\/uploads\/sites\/15\/2024\/05\/IMG_1337-300x300.png 300w, https:\/\/kurssite.jmg.gu.se\/euvalet24\/wp-content\/uploads\/sites\/15\/2024\/05\/IMG_1337-150x150.png 150w, https:\/\/kurssite.jmg.gu.se\/euvalet24\/wp-content\/uploads\/sites\/15\/2024\/05\/IMG_1337-768x768.png 768w\" sizes=\"auto, (max-width: 900px) 100vw, 900px\" \/><figcaption class=\"wp-element-caption\">Sofia-Jocelyn Roempke studerar journalistik vid Ume\u00e5 universitet f\u00f6r andra \u00e5ret.<\/figcaption><\/figure>\n\n\n\n<figure class=\"wp-block-image size-large\"><img loading=\"lazy\" decoding=\"async\" width=\"240\" height=\"320\" data-id=\"118\" src=\"https:\/\/kurssite.jmg.gu.se\/euvalet24\/wp-content\/uploads\/sites\/15\/2024\/05\/image0-1.jpeg\" alt=\"\" class=\"wp-image-118\" srcset=\"https:\/\/kurssite.jmg.gu.se\/euvalet24\/wp-content\/uploads\/sites\/15\/2024\/05\/image0-1.jpeg 240w, https:\/\/kurssite.jmg.gu.se\/euvalet24\/wp-content\/uploads\/sites\/15\/2024\/05\/image0-1-225x300.jpeg 225w\" sizes=\"auto, (max-width: 240px) 100vw, 240px\" \/><\/figure>\n<\/figure>\n","protected":false},"excerpt":{"rendered":"<p>V\u00e4lkommen!<\/p>\n","protected":false},"author":96,"featured_media":0,"parent":0,"menu_order":0,"comment_status":"closed","ping_status":"closed","template":"","meta":{"footnotes":""},"class_list":["post-5","page","type-page","status-publish"],"_links":{"self":[{"href":"https:\/\/kurssite.jmg.gu.se\/euvalet24\/wp-json\/wp\/v2\/pages\/5","targetHints":{"allow":["GET"]}}],"collection":[{"href":"https:\/\/kurssite.jmg.gu.se\/euvalet24\/wp-json\/wp\/v2\/pages"}],"about":[{"href":"https:\/\/kurssite.jmg.gu.se\/euvalet24\/wp-json\/wp\/v2\/types\/page"}],"author":[{"embeddable":true,"href":"https:\/\/kurssite.jmg.gu.se\/euvalet24\/wp-json\/wp\/v2\/users\/96"}],"replies":[{"embeddable":true,"href":"https:\/\/kurssite.jmg.gu.se\/euvalet24\/wp-json\/wp\/v2\/comments?post=5"}],"version-history":[{"count":9,"href":"https:\/\/kurssite.jmg.gu.se\/euvalet24\/wp-json\/wp\/v2\/pages\/5\/revisions"}],"predecessor-version":[{"id":627,"href":"https:\/\/kurssite.jmg.gu.se\/euvalet24\/wp-json\/wp\/v2\/pages\/5\/revisions\/627"}],"wp:attachment":[{"href":"https:\/\/kurssite.jmg.gu.se\/euvalet24\/wp-json\/wp\/v2\/media?parent=5"}],"curies":[{"name":"wp","href":"https:\/\/api.w.org\/{rel}","templated":true}]}}